{"id":87,"date":"2019-03-28T19:29:24","date_gmt":"2019-03-28T19:29:24","guid":{"rendered":"http:\/\/td_uid_1_5c9d20945fc21"},"modified":"2019-03-28T19:29:24","modified_gmt":"2019-03-28T19:29:24","slug":"news","status":"publish","type":"page","link":"https:\/\/praguehints.com\/he\/news\/","title":{"rendered":"\u05d7\u05b2\u05d3\u05b8\u05e9\u05c1\u05d5\u05b9\u05ea"},"content":{"rendered":"<div id=\"tdi_1\" class=\"tdc-row\"><div class=\"vc_row tdi_2  wpb_row td-pb-row\" >\n<style scoped>\n\/* custom css - generated by TagDiv Composer *\/\n\n\/* custom css - generated by TagDiv Composer *\/\n.tdi_2,\r\n                .tdi_2 .tdc-columns{\r\n                    min-height: 0;\r\n                }\n<\/style><div class=\"vc_column tdi_4  wpb_column vc_column_container tdc-column td-pb-span12\">\n<style scoped>\n\/* custom css - generated by TagDiv Composer *\/\n\n\/* custom css - generated by TagDiv Composer *\/\n.tdi_4{\r\n                    vertical-align: baseline;\r\n                }\n<\/style><div class=\"wpb_wrapper\" ><script>var block_tdi_5 = new tdBlock();\nblock_tdi_5.id = \"tdi_5\";\nblock_tdi_5.atts = '{\"td_filter_default_txt\":\"All\",\"sort\":\"featured\",\"block_type\":\"td_block_homepage_full_1\",\"separator\":\"\",\"post_ids\":\"\",\"category_id\":\"\",\"category_ids\":\"\",\"tag_slug\":\"\",\"autors_id\":\"\",\"installed_post_types\":\"\",\"open_in_new_window\":\"\",\"show_modified_date\":\"\",\"el_class\":\"\",\"block_template_id\":\"\",\"td_column_number\":3,\"header_color\":\"\",\"ajax_pagination_infinite_stop\":\"\",\"offset\":\"\",\"limit\":\"5\",\"td_ajax_preloading\":\"\",\"td_ajax_filter_type\":\"\",\"td_ajax_filter_ids\":\"\",\"color_preset\":\"\",\"ajax_pagination\":\"\",\"ajax_pagination_next_prev_swipe\":\"\",\"border_top\":\"\",\"css\":\"\",\"tdc_css\":\"\",\"class\":\"tdi_5\",\"tdc_css_class\":\"tdi_5\",\"tdc_css_class_style\":\"tdi_5_rand_style\"}';\nblock_tdi_5.td_column_number = \"3\";\nblock_tdi_5.block_type = \"td_block_homepage_full_1\";\nblock_tdi_5.post_count = \"5\";\nblock_tdi_5.found_posts = \"38\";\nblock_tdi_5.header_color = \"\";\nblock_tdi_5.ajax_pagination_infinite_stop = \"\";\nblock_tdi_5.max_num_pages = \"8\";\ntdBlocksArray.push(block_tdi_5);\n<\/script><div class=\"td_block_wrap td_block_homepage_full_1 tdi_5 td-pb-border-top td_block_template_1\"  data-td-block-uid=\"tdi_5\" ><div id=\"tdi_5\" class=\"td_block_inner\">            <script type=\"text\/template\" id=\"tdi_5_tmpl\">\r\n                <div id=\"post-4041\" class=\"td-post-template-6 \">\r\n                    <div class=\"template6-header\">\r\n                        <div class=\"td-post-header td-container td-parallax-header\" id=\"td_parallax_header_6\">\r\n                            <header class=\"td-pb-padding-side\">\r\n                                <ul class=\"td-category\"><li class=\"entry-category\"><a  href=\"https:\/\/praguehints.com\/he\/category\/europe-tours\/\">Europe Tours<\/a><\/li><li class=\"entry-category\"><a  href=\"https:\/\/praguehints.com\/he\/category\/prague-with\/\">Prague With<\/a><\/li><\/ul>                                <h1 class=\"entry-title\"><a href=\"https:\/\/praguehints.com\/he\/documenting-your-prague-adventure-with-breathtaking-photos-prague-travel-photography\/\" rel=\"bookmark\" title=\"Documenting Your Prague Adventure with Breathtaking Photos &#8211; Prague Travel Photography\">Documenting Your Prague Adventure with Breathtaking Photos &#8211; Prague Travel Photography<\/a><\/h1>                                                                <div class=\"meta-info\">\r\n                                                                                                                                                                                <\/div>\r\n                                <div class=\"td-read-down\"><a href=\"#\"><i class=\"td-icon-read-down\"><\/i><\/a><\/div>\r\n                            <\/header>\r\n                        <\/div>\r\n                    <\/div>\r\n                <\/div>\r\n            <\/script>\r\n            <\/div><\/div> <!-- .\/block --><div class=\"td_block_wrap td_block_2 tdi_6 td_with_ajax_pagination td_block_template_1\"  data-td-block-uid=\"tdi_6\" >\n<style>\n\/* custom css - generated by TagDiv Composer *\/\n.tdi_6 .td-post-vid-time{\r\n\t\t\t\t\tdisplay: block;\r\n\t\t\t\t}\n<\/style><script>var block_tdi_6 = new tdBlock();\nblock_tdi_6.id = \"tdi_6\";\nblock_tdi_6.atts = '{\"sort\":\"random_posts\",\"limit\":\"3\",\"custom_title\":\"MOST POPULAR\",\"border_top\":\"no_border_top\",\"td_filter_default_txt\":\"All\",\"ajax_pagination\":\"next_prev\",\"block_type\":\"td_block_2\",\"separator\":\"\",\"custom_url\":\"\",\"title_tag\":\"\",\"block_template_id\":\"\",\"color_preset\":\"\",\"m4_tl\":\"\",\"m4_title_tag\":\"\",\"m4_el\":\"\",\"m6_tl\":\"\",\"m6_title_tag\":\"\",\"post_ids\":\"\",\"category_id\":\"\",\"category_ids\":\"\",\"tag_slug\":\"\",\"autors_id\":\"\",\"installed_post_types\":\"\",\"offset\":\"\",\"open_in_new_window\":\"\",\"show_modified_date\":\"\",\"video_popup\":\"\",\"video_rec\":\"\",\"video_rec_title\":\"\",\"show_vid_t\":\"block\",\"el_class\":\"\",\"td_ajax_filter_type\":\"\",\"td_ajax_filter_ids\":\"\",\"td_ajax_preloading\":\"\",\"f_header_font_header\":\"\",\"f_header_font_title\":\"Block header\",\"f_header_font_settings\":\"\",\"f_header_font_family\":\"\",\"f_header_font_size\":\"\",\"f_header_font_line_height\":\"\",\"f_header_font_style\":\"\",\"f_header_font_weight\":\"\",\"f_header_font_transform\":\"\",\"f_header_font_spacing\":\"\",\"f_header_\":\"\",\"f_ajax_font_title\":\"Ajax categories\",\"f_ajax_font_settings\":\"\",\"f_ajax_font_family\":\"\",\"f_ajax_font_size\":\"\",\"f_ajax_font_line_height\":\"\",\"f_ajax_font_style\":\"\",\"f_ajax_font_weight\":\"\",\"f_ajax_font_transform\":\"\",\"f_ajax_font_spacing\":\"\",\"f_ajax_\":\"\",\"f_more_font_title\":\"Load more button\",\"f_more_font_settings\":\"\",\"f_more_font_family\":\"\",\"f_more_font_size\":\"\",\"f_more_font_line_height\":\"\",\"f_more_font_style\":\"\",\"f_more_font_weight\":\"\",\"f_more_font_transform\":\"\",\"f_more_font_spacing\":\"\",\"f_more_\":\"\",\"m4f_title_font_header\":\"\",\"m4f_title_font_title\":\"Article title\",\"m4f_title_font_settings\":\"\",\"m4f_title_font_family\":\"\",\"m4f_title_font_size\":\"\",\"m4f_title_font_line_height\":\"\",\"m4f_title_font_style\":\"\",\"m4f_title_font_weight\":\"\",\"m4f_title_font_transform\":\"\",\"m4f_title_font_spacing\":\"\",\"m4f_title_\":\"\",\"m4f_cat_font_title\":\"Article category tag\",\"m4f_cat_font_settings\":\"\",\"m4f_cat_font_family\":\"\",\"m4f_cat_font_size\":\"\",\"m4f_cat_font_line_height\":\"\",\"m4f_cat_font_style\":\"\",\"m4f_cat_font_weight\":\"\",\"m4f_cat_font_transform\":\"\",\"m4f_cat_font_spacing\":\"\",\"m4f_cat_\":\"\",\"m4f_meta_font_title\":\"Article meta info\",\"m4f_meta_font_settings\":\"\",\"m4f_meta_font_family\":\"\",\"m4f_meta_font_size\":\"\",\"m4f_meta_font_line_height\":\"\",\"m4f_meta_font_style\":\"\",\"m4f_meta_font_weight\":\"\",\"m4f_meta_font_transform\":\"\",\"m4f_meta_font_spacing\":\"\",\"m4f_meta_\":\"\",\"m4f_ex_font_title\":\"Article excerpt\",\"m4f_ex_font_settings\":\"\",\"m4f_ex_font_family\":\"\",\"m4f_ex_font_size\":\"\",\"m4f_ex_font_line_height\":\"\",\"m4f_ex_font_style\":\"\",\"m4f_ex_font_weight\":\"\",\"m4f_ex_font_transform\":\"\",\"m4f_ex_font_spacing\":\"\",\"m4f_ex_\":\"\",\"m6f_title_font_header\":\"\",\"m6f_title_font_title\":\"Article title\",\"m6f_title_font_settings\":\"\",\"m6f_title_font_family\":\"\",\"m6f_title_font_size\":\"\",\"m6f_title_font_line_height\":\"\",\"m6f_title_font_style\":\"\",\"m6f_title_font_weight\":\"\",\"m6f_title_font_transform\":\"\",\"m6f_title_font_spacing\":\"\",\"m6f_title_\":\"\",\"m6f_cat_font_title\":\"Article category tag\",\"m6f_cat_font_settings\":\"\",\"m6f_cat_font_family\":\"\",\"m6f_cat_font_size\":\"\",\"m6f_cat_font_line_height\":\"\",\"m6f_cat_font_style\":\"\",\"m6f_cat_font_weight\":\"\",\"m6f_cat_font_transform\":\"\",\"m6f_cat_font_spacing\":\"\",\"m6f_cat_\":\"\",\"m6f_meta_font_title\":\"Article meta info\",\"m6f_meta_font_settings\":\"\",\"m6f_meta_font_family\":\"\",\"m6f_meta_font_size\":\"\",\"m6f_meta_font_line_height\":\"\",\"m6f_meta_font_style\":\"\",\"m6f_meta_font_weight\":\"\",\"m6f_meta_font_transform\":\"\",\"m6f_meta_font_spacing\":\"\",\"m6f_meta_\":\"\",\"ajax_pagination_infinite_stop\":\"\",\"css\":\"\",\"tdc_css\":\"\",\"td_column_number\":3,\"header_color\":\"\",\"ajax_pagination_next_prev_swipe\":\"\",\"class\":\"tdi_6\",\"tdc_css_class\":\"tdi_6\",\"tdc_css_class_style\":\"tdi_6_rand_style\"}';\nblock_tdi_6.td_column_number = \"3\";\nblock_tdi_6.block_type = \"td_block_2\";\nblock_tdi_6.post_count = \"3\";\nblock_tdi_6.found_posts = \"1347\";\nblock_tdi_6.header_color = \"\";\nblock_tdi_6.ajax_pagination_infinite_stop = \"\";\nblock_tdi_6.max_num_pages = \"449\";\ntdBlocksArray.push(block_tdi_6);\n<\/script><h4 class=\"block-title\"><span class=\"td-pulldown-size\">\u05d4\u05db\u05d9 \u05e4\u05d5\u05e4\u05d5\u05dc\u05d0\u05e8\u05d9<\/span><\/h4><div id=\"tdi_6\" class=\"td_block_inner\">\n\n\t<div class=\"td-block-row\">\n\n\t<div class=\"td-block-span4\">\n\r\n        <div class=\"td_module_4 td_module_wrap td-animation-stack td-cpt-post\">\r\n            <div class=\"td-module-image\">\r\n                <div class=\"td-module-thumb\"><a href=\"https:\/\/praguehints.com\/he\/underrated-markets-beyond-the-center\/\"  rel=\"bookmark\" class=\"td-image-wrap\" title=\"Underrated Markets Beyond the Center\" ><img loading=\"lazy\" decoding=\"async\" width=\"300\" height=\"194\" class=\"entry-thumb\" src=\"https:\/\/praguehints.com\/wp-content\/uploads\/2025\/12\/output1-24-300x194.png\"  srcset=\"https:\/\/praguehints.com\/wp-content\/uploads\/2025\/12\/output1-24-300x194.png 300w, https:\/\/praguehints.com\/wp-content\/uploads\/2025\/12\/output1-24-341x220.png 341w\" sizes=\"auto, (max-width: 300px) 100vw, 300px\"  alt=\"Underrated Markets Beyond the Center\" title=\"Underrated Markets Beyond the Center\" \/><\/a><\/div>                                            <\/div>\r\n\r\n            <h3 class=\"entry-title td-module-title\"><a href=\"https:\/\/praguehints.com\/he\/underrated-markets-beyond-the-center\/\"  rel=\"bookmark\" title=\"Underrated Markets Beyond the Center\">Underrated Markets Beyond the Center<\/a><\/h3>\r\n            <div class=\"meta-info\">\r\n                                <span class=\"td-post-author-name\"><a href=\"https:\/\/praguehints.com\/he\/author\/yonetici\/\">Katerina<\/a><\/span>                                <span class=\"td-module-comments\"><a href=\"https:\/\/praguehints.com\/he\/underrated-markets-beyond-the-center\/#respond\">0<\/a><\/span>            <\/div>\r\n\r\n            <div class=\"td-excerpt\">\r\n                \ud83c\udf84 Underrated Markets Beyond the Center\n\n\nIf you think Christmas in Prague exists only beneath the clock of Old Town Square, think again. Beyond the...            <\/div>\r\n\r\n            \r\n        <\/div>\r\n\r\n        \n\t<\/div> <!-- .\/td-block-span4 -->\n\n\t<div class=\"td-block-span4\">\n\r\n        <div class=\"td_module_4 td_module_wrap td-animation-stack td-cpt-post\">\r\n            <div class=\"td-module-image\">\r\n                <div class=\"td-module-thumb\"><a href=\"https:\/\/praguehints.com\/he\/klenova-castle-and-chateau-open-air-gallery\/\"  rel=\"bookmark\" class=\"td-image-wrap\" title=\"\u05d8\u05d9\u05e8\u05ea \u05e7\u05dc\u05e0\u05d5\u05d1\u05d4 \u05d5\u05e9\u05d0\u05d8\u05d5 - \u05d2\u05dc\u05e8\u05d9\u05d4 \u05d1\u05d0\u05d5\u05d5\u05d9\u05e8 \u05d4\u05e4\u05ea\u05d5\u05d7\" ><img loading=\"lazy\" decoding=\"async\" width=\"300\" height=\"194\" class=\"entry-thumb\" src=\"https:\/\/praguehints.com\/wp-content\/uploads\/2023\/01\/Ekran-Alintisi-20-300x194.png\"  srcset=\"https:\/\/praguehints.com\/wp-content\/uploads\/2023\/01\/Ekran-Alintisi-20-300x194.png 300w, https:\/\/praguehints.com\/wp-content\/uploads\/2023\/01\/Ekran-Alintisi-20-341x220.png 341w\" sizes=\"auto, (max-width: 300px) 100vw, 300px\"  alt=\"\" title=\"\u05d8\u05d9\u05e8\u05ea \u05e7\u05dc\u05e0\u05d5\u05d1\u05d4 \u05d5\u05e9\u05d0\u05d8\u05d5 - \u05d2\u05dc\u05e8\u05d9\u05d4 \u05d1\u05d0\u05d5\u05d5\u05d9\u05e8 \u05d4\u05e4\u05ea\u05d5\u05d7\" \/><\/a><\/div>                                            <\/div>\r\n\r\n            <h3 class=\"entry-title td-module-title\"><a href=\"https:\/\/praguehints.com\/he\/klenova-castle-and-chateau-open-air-gallery\/\"  rel=\"bookmark\" title=\"\u05d8\u05d9\u05e8\u05ea \u05e7\u05dc\u05e0\u05d5\u05d1\u05d4 \u05d5\u05e9\u05d0\u05d8\u05d5 - \u05d2\u05dc\u05e8\u05d9\u05d4 \u05d1\u05d0\u05d5\u05d5\u05d9\u05e8 \u05d4\u05e4\u05ea\u05d5\u05d7\">\u05d8\u05d9\u05e8\u05ea \u05e7\u05dc\u05e0\u05d5\u05d1\u05d4 \u05d5\u05e9\u05d0\u05d8\u05d5 - \u05d2\u05dc\u05e8\u05d9\u05d4 \u05d1\u05d0\u05d5\u05d5\u05d9\u05e8 \u05d4\u05e4\u05ea\u05d5\u05d7<\/a><\/h3>\r\n            <div class=\"meta-info\">\r\n                                <span class=\"td-post-author-name\"><a href=\"https:\/\/praguehints.com\/he\/author\/prague\/\">\u05e4\u05e8\u05d0\u05d2<\/a><\/span>                                <span class=\"td-module-comments\"><a href=\"https:\/\/praguehints.com\/he\/klenova-castle-and-chateau-open-air-gallery\/#respond\">0<\/a><\/span>            <\/div>\r\n\r\n            <div class=\"td-excerpt\">\r\n                Perched gracefully above the rolling hills just 13 kilometers west of Klatovy, Klenov\u00e1 Castle and Chateau offers an exquisite intersection where medieval history meets...            <\/div>\r\n\r\n            \r\n        <\/div>\r\n\r\n        \n\t<\/div> <!-- .\/td-block-span4 -->\n\n\t<div class=\"td-block-span4\">\n\r\n        <div class=\"td_module_4 td_module_wrap td-animation-stack td-cpt-post\">\r\n            <div class=\"td-module-image\">\r\n                <div class=\"td-module-thumb\"><a href=\"https:\/\/praguehints.com\/he\/kavarna-obecni-dum\/\"  rel=\"bookmark\" class=\"td-image-wrap\" title=\"\u05e7\u05d5\u05d5\u05d0\u05e8\u05e0\u05d4 \u05d0\u05d5\u05d1\u05e6&#039;\u05e0\u05d9 \u05d3\u05d5\u05dd\" ><img loading=\"lazy\" decoding=\"async\" width=\"300\" height=\"194\" class=\"entry-thumb\" src=\"https:\/\/praguehints.com\/wp-content\/uploads\/2024\/09\/kavarna-obecni-dum-prague-cafe1-300x194.jpg\"  srcset=\"https:\/\/praguehints.com\/wp-content\/uploads\/2024\/09\/kavarna-obecni-dum-prague-cafe1-300x194.jpg 300w, https:\/\/praguehints.com\/wp-content\/uploads\/2024\/09\/kavarna-obecni-dum-prague-cafe1-18x12.jpg 18w, https:\/\/praguehints.com\/wp-content\/uploads\/2024\/09\/kavarna-obecni-dum-prague-cafe1-341x220.jpg 341w\" sizes=\"auto, (max-width: 300px) 100vw, 300px\"  alt=\"kav\u00e1rna obecn\u00ed d\u016fm-prague-cafe\" title=\"\u05e7\u05d5\u05d5\u05d0\u05e8\u05e0\u05d4 \u05d0\u05d5\u05d1\u05e6&#039;\u05e0\u05d9 \u05d3\u05d5\u05dd\" \/><\/a><\/div>                                            <\/div>\r\n\r\n            <h3 class=\"entry-title td-module-title\"><a href=\"https:\/\/praguehints.com\/he\/kavarna-obecni-dum\/\"  rel=\"bookmark\" title=\"\u05e7\u05d5\u05d5\u05d0\u05e8\u05e0\u05d4 \u05d0\u05d5\u05d1\u05e6&#039;\u05e0\u05d9 \u05d3\u05d5\u05dd\">\u05e7\u05d5\u05d5\u05d0\u05e8\u05e0\u05d4 \u05d0\u05d5\u05d1\u05e6&#039;\u05e0\u05d9 \u05d3\u05d5\u05dd<\/a><\/h3>\r\n            <div class=\"meta-info\">\r\n                                <span class=\"td-post-author-name\"><a href=\"https:\/\/praguehints.com\/he\/author\/jan\/\">\u05d9\u05e0\u05d5\u05d0\u05e8<\/a><\/span>                                <span class=\"td-module-comments\"><a href=\"https:\/\/praguehints.com\/he\/kavarna-obecni-dum\/#respond\">0<\/a><\/span>            <\/div>\r\n\r\n            <div class=\"td-excerpt\">\r\n                Kav\u00e1rna Obecn\u00ed D\u016fm: A Stunning Art Nouveau Retreat\r\nOverview\r\nKav\u00e1rna Obecn\u00ed D\u016fm is often hailed as one of the most beautiful caf\u00e9s in Prague. Situated in...            <\/div>\r\n\r\n            \r\n        <\/div>\r\n\r\n        \n\t<\/div> <!-- .\/td-block-span4 --><\/div><!--.\/row-fluid--><\/div><div class=\"td-next-prev-wrap\"><a href=\"#\" class=\"td-ajax-prev-page ajax-page-disabled\" aria-label=\"\u05d4\u05e2\u05de\u05d5\u05d3 \u05d4\u05e7\u05d5\u05d3\u05dd\" id=\"prev-page-tdi_6\" data-td_block_id=\"tdi_6\"><i class=\"td-next-prev-icon td-icon-font td-icon-menu-left\"><\/i><\/a><a href=\"#\"  class=\"td-ajax-next-page\" aria-label=\"\u05e2\u05de\u05d5\u05d3 \u05d4\u05d1\u05d0\" id=\"next-page-tdi_6\" data-td_block_id=\"tdi_6\"><i class=\"td-next-prev-icon td-icon-font td-icon-menu-right\"><\/i><\/a><\/div><\/div> <!-- .\/block --><\/div><\/div><\/div><\/div>","protected":false},"excerpt":{"rendered":"","protected":false},"author":1,"featured_media":0,"parent":0,"menu_order":0,"comment_status":"open","ping_status":"closed","template":"page-pagebuilder-latest.php","meta":{"_seopress_robots_primary_cat":"","_seopress_titles_title":"","_seopress_titles_desc":"","_seopress_robots_index":"","footnotes":""},"class_list":["post-87","page","type-page","status-publish","hentry"],"_links":{"self":[{"href":"https:\/\/praguehints.com\/he\/wp-json\/wp\/v2\/pages\/87","targetHints":{"allow":["GET"]}}],"collection":[{"href":"https:\/\/praguehints.com\/he\/wp-json\/wp\/v2\/pages"}],"about":[{"href":"https:\/\/praguehints.com\/he\/wp-json\/wp\/v2\/types\/page"}],"author":[{"embeddable":true,"href":"https:\/\/praguehints.com\/he\/wp-json\/wp\/v2\/users\/1"}],"replies":[{"embeddable":true,"href":"https:\/\/praguehints.com\/he\/wp-json\/wp\/v2\/comments?post=87"}],"version-history":[{"count":0,"href":"https:\/\/praguehints.com\/he\/wp-json\/wp\/v2\/pages\/87\/revisions"}],"wp:attachment":[{"href":"https:\/\/praguehints.com\/he\/wp-json\/wp\/v2\/media?parent=87"}],"curies":[{"name":"wp","href":"https:\/\/api.w.org\/{rel}","templated":true}]}}